{"id":98,"date":"2026-01-01T23:18:43","date_gmt":"2026-01-01T23:18:43","guid":{"rendered":"https:\/\/kaatrirent24.ee\/?page_id=98"},"modified":"2026-03-08T16:47:28","modified_gmt":"2026-03-08T16:47:28","slug":"askeladden-c78-lisavarustus-ja-tehnilised-andmed","status":"publish","type":"page","link":"https:\/\/kaatrirent24.ee\/en\/askeladden-c78-lisavarustus-ja-tehnilised-andmed\/","title":{"rendered":"Askeladden C78 Technical specifications and Options"},"content":{"rendered":"<div class=\"wp-block-group alignfull is-style-ext-preset--group--natural-1--section has-background-background-color has-background has-global-padding is-layout-constrained wp-block-group-is-layout-constrained is-style-ext-preset--group--natural-1--section--1\" style=\"margin-top:0;margin-bottom:0;padding-top:var(--wp--preset--spacing--70);padding-bottom:var(--wp--preset--spacing--70)\">\n<div class=\"wp-block-columns alignwide are-vertically-aligned-center is-layout-flex wp-container-core-columns-is-layout-174606dc wp-block-columns-is-layout-flex\">\n<div class=\"wp-block-column is-vertically-aligned-center is-layout-flow wp-block-column-is-layout-flow\">\n<div class=\"wp-block-group alignwide is-vertical is-layout-flex wp-container-core-group-is-layout-c35747d5 wp-block-group-is-layout-flex\">\n<div class=\"wp-block-group is-content-justification-right is-nowrap is-layout-flex wp-container-core-group-is-layout-3730b9a9 wp-block-group-is-layout-flex\">\n<div class=\"wp-block-group has-global-padding is-layout-constrained wp-container-core-group-is-layout-dd32767c wp-block-group-is-layout-constrained\">\n<p><strong>Askeladden C78, 2026a.<\/strong><\/p>\n\n\n\n<p>Length 7.8m, Width 2.55m<\/p>\n\n\n\n<p>Draft 0.8 m, Fuel tank 230 L<br>Mootor Suzuki&nbsp; 350 HP<\/p>\n\n\n\n<p>Cruising speed 25-30 knots \/ 46-55km\/h<br>Max. speed 47 knots \/ 95km\/h<br>Maximum allowed people on board: 7<\/p>\n\n\n\n<p>2 sleeping places<\/p>\n\n\n\n<figure class=\"wp-block-image\"><img loading=\"lazy\" decoding=\"async\" width=\"1024\" height=\"575\" src=\"https:\/\/kaatrirent24.ee\/wp-content\/uploads\/2026\/01\/image-3-1024x575.png\" alt=\"\" class=\"wp-image-103\" srcset=\"https:\/\/kaatrirent24.ee\/wp-content\/uploads\/2026\/01\/image-3-1024x575.png 1024w, https:\/\/kaatrirent24.ee\/wp-content\/uploads\/2026\/01\/image-3-300x169.png 300w, https:\/\/kaatrirent24.ee\/wp-content\/uploads\/2026\/01\/image-3-768x431.png 768w, https:\/\/kaatrirent24.ee\/wp-content\/uploads\/2026\/01\/image-3-1536x863.png 1536w, https:\/\/kaatrirent24.ee\/wp-content\/uploads\/2026\/01\/image-3-2048x1150.png 2048w, https:\/\/kaatrirent24.ee\/wp-content\/uploads\/2026\/01\/image-3-18x10.png 18w\" sizes=\"auto, (max-width: 1024px) 100vw, 1024px\" \/><\/figure>\n\n\n\n<p><strong>Options<\/strong><\/p>\n\n\n\n<p>Garmin Echomap 122 SV ULTRA<\/p>\n\n\n\n<p>Zipwake 300 automatic\nTrim tabs \/ hydro stabilizers<\/p>\n\n\n\n<p>V\u00f6\u00f6rit\u00f5ukur<\/p>\n\n\n\n<p>Topline package&nbsp;<\/p>\n\n\n\n<p>Fusion MS-RA70N stereo ja Apollo Sport 6.5&#8243; LED, 4 k\u00f5larit<\/p>\n\n\n\n<p>Tekiluuk ja aknad <\/p>\n\n\n\n<p>Cocktail table<\/p>\n\n\n\n<p>Cabin curtain set<\/p>\n\n\n\n<p>Eraldi WC-ruum veega ja kraanikausiga (Elektriline loputusega WC)<\/p>\n\n\n\n<p>Compact kitchenette with pressurized water, sink, and cabinets<\/p>\n\n\n\n<p>K\u00fclmkapp 30 l<\/p>\n\n\n\n<p>Aft deck shower<\/p>\n\n\n\n<p>Kajutik\u00fcte 2kW (Eberspacher)<\/p>\n\n\n\n<p>Water ski tow hook<\/p>\n\n\n\n<p>Flexiteek flooring<\/p>\n\n\n\n<p>Complete anchor winch with controls and stern installation<\/p>\n\n\n\n<p>Water ski eye \/ water ski hook<\/p>\n<\/div>\n\n\n\n<div class=\"wp-block-columns is-layout-flex wp-container-core-columns-is-layout-28f84493 wp-block-columns-is-layout-flex\">\n<div class=\"wp-block-column is-layout-flow wp-block-column-is-layout-flow\" style=\"flex-basis:100%\"><\/div>\n<\/div>\n\n\n\n<div class=\"wp-block-columns is-layout-flex wp-container-core-columns-is-layout-28f84493 wp-block-columns-is-layout-flex\">\n<div class=\"wp-block-column is-layout-flow wp-block-column-is-layout-flow\" style=\"flex-basis:100%\"><\/div>\n<\/div>\n<\/div>\n\n\n\n<div class=\"wp-block-media-text is-stacked-on-mobile\" style=\"grid-template-columns:66% auto\"><figure class=\"wp-block-media-text__media\"><img loading=\"lazy\" decoding=\"async\" width=\"1024\" height=\"768\" src=\"https:\/\/kaatrirent24.ee\/wp-content\/uploads\/2026\/03\/IMG_2562-scaled-1-1024x768.jpg\" alt=\"\" class=\"wp-image-202 size-full\" srcset=\"https:\/\/kaatrirent24.ee\/wp-content\/uploads\/2026\/03\/IMG_2562-scaled-1-1024x768.jpg 1024w, https:\/\/kaatrirent24.ee\/wp-content\/uploads\/2026\/03\/IMG_2562-scaled-1-300x225.jpg 300w, https:\/\/kaatrirent24.ee\/wp-content\/uploads\/2026\/03\/IMG_2562-scaled-1-768x576.jpg 768w, https:\/\/kaatrirent24.ee\/wp-content\/uploads\/2026\/03\/IMG_2562-scaled-1-1536x1152.jpg 1536w, https:\/\/kaatrirent24.ee\/wp-content\/uploads\/2026\/03\/IMG_2562-scaled-1-2048x1536.jpg 2048w, https:\/\/kaatrirent24.ee\/wp-content\/uploads\/2026\/03\/IMG_2562-scaled-1-16x12.jpg 16w\" sizes=\"auto, (max-width: 1024px) 100vw, 1024px\" \/><\/figure><div class=\"wp-block-media-text__content\">\n<p><\/p>\n<\/div><\/div>\n\n\n\n<div class=\"wp-block-buttons is-layout-flex wp-block-buttons-is-layout-flex\"><\/div>\n<\/div>\n<\/div>\n<\/div>\n<\/div>","protected":false},"excerpt":{"rendered":"<p>Askeladden C78, 2026a. Pikkus 7.8m, Laius 2.55m S\u00fcvis 0,8m, K\u00fctusepaak 230 LMootor Suzuki&nbsp; 350 HP Cruising kiirus 25-30 knots \/ 46-55km\/hMax. kiirus kuni 47 knots&nbsp;\/&nbsp;95km\/hLubatud inimeste arv pardal&nbsp; 7 Magamiskohti 2 Mugavusvarustus Garmin Echomap 122 SV ULTRA Zipwake 300 automaatsed Trimmilabad\/h\u00fcdrostabilisaatorid V\u00f6\u00f6rit\u00f5ukur Topline\u2019i pakett&nbsp; Fusion MS-RA70N stereo ja Apollo Sport 6.5&#8243; LED, 4 k\u00f5larit Tekiluuk [&hellip;]<\/p>\n","protected":false},"author":1,"featured_media":0,"parent":0,"menu_order":0,"comment_status":"closed","ping_status":"closed","template":"page-with-title","meta":{"_monsterinsights_skip_tracking":false,"_monsterinsights_sitenote_active":false,"_monsterinsights_sitenote_note":"","_monsterinsights_sitenote_category":0,"footnotes":""},"class_list":["post-98","page","type-page","status-publish","hentry"],"aioseo_notices":[],"_links":{"self":[{"href":"https:\/\/kaatrirent24.ee\/en\/wp-json\/wp\/v2\/pages\/98","targetHints":{"allow":["GET"]}}],"collection":[{"href":"https:\/\/kaatrirent24.ee\/en\/wp-json\/wp\/v2\/pages"}],"about":[{"href":"https:\/\/kaatrirent24.ee\/en\/wp-json\/wp\/v2\/types\/page"}],"author":[{"embeddable":true,"href":"https:\/\/kaatrirent24.ee\/en\/wp-json\/wp\/v2\/users\/1"}],"replies":[{"embeddable":true,"href":"https:\/\/kaatrirent24.ee\/en\/wp-json\/wp\/v2\/comments?post=98"}],"version-history":[{"count":21,"href":"https:\/\/kaatrirent24.ee\/en\/wp-json\/wp\/v2\/pages\/98\/revisions"}],"predecessor-version":[{"id":223,"href":"https:\/\/kaatrirent24.ee\/en\/wp-json\/wp\/v2\/pages\/98\/revisions\/223"}],"wp:attachment":[{"href":"https:\/\/kaatrirent24.ee\/en\/wp-json\/wp\/v2\/media?parent=98"}],"curies":[{"name":"wp","href":"https:\/\/api.w.org\/{rel}","templated":true}]}}