{"id":30,"date":"2026-01-01T21:44:43","date_gmt":"2026-01-01T21:44:43","guid":{"rendered":"https:\/\/kaatrirent24.ee\/avaleht\/"},"modified":"2026-03-08T15:37:38","modified_gmt":"2026-03-08T15:37:38","slug":"avaleht","status":"publish","type":"page","link":"https:\/\/kaatrirent24.ee\/en\/","title":{"rendered":"Main page"},"content":{"rendered":"\n<div class=\"wp-block-group alignfull is-style-ext-preset--group--natural-1--section has-background-background-color has-background has-global-padding is-layout-constrained wp-container-core-group-is-layout-e96f6837 wp-block-group-is-layout-constrained is-style-ext-preset--group--natural-1--section--1\" style=\"margin-top:0;margin-bottom:0;padding-top:0;padding-right:0;padding-bottom:0;padding-left:0\">\n<div class=\"wp-block-cover alignfull is-style-ext-preset--cover--natural-1--cover-overlay-1 is-style-ext-preset--cover--natural-1--cover-overlay-1--2\" style=\"padding-top:var(--wp--preset--spacing--70);padding-right:var(--wp--preset--spacing--30);padding-bottom:var(--wp--preset--spacing--70);padding-left:var(--wp--preset--spacing--30);min-height:60vh;aspect-ratio:unset;\"><img loading=\"lazy\" decoding=\"async\" width=\"1024\" height=\"575\" class=\"wp-block-cover__image-background wp-image-71 size-large\" alt=\"\" src=\"https:\/\/kaatrirent24.ee\/wp-content\/uploads\/2026\/01\/P1062667-scaled-1-1024x575.jpeg\" data-object-fit=\"cover\" srcset=\"https:\/\/kaatrirent24.ee\/wp-content\/uploads\/2026\/01\/P1062667-scaled-1-1024x575.jpeg 1024w, https:\/\/kaatrirent24.ee\/wp-content\/uploads\/2026\/01\/P1062667-scaled-1-300x169.jpeg 300w, https:\/\/kaatrirent24.ee\/wp-content\/uploads\/2026\/01\/P1062667-scaled-1-768x431.jpeg 768w, https:\/\/kaatrirent24.ee\/wp-content\/uploads\/2026\/01\/P1062667-scaled-1-1536x863.jpeg 1536w, https:\/\/kaatrirent24.ee\/wp-content\/uploads\/2026\/01\/P1062667-scaled-1-2048x1150.jpeg 2048w, https:\/\/kaatrirent24.ee\/wp-content\/uploads\/2026\/01\/P1062667-scaled-1-18x10.jpeg 18w\" sizes=\"auto, (max-width: 1024px) 100vw, 1024px\" \/><span aria-hidden=\"true\" class=\"wp-block-cover__background has-background-dim-80 has-background-dim\" style=\"background-color:#010101\"><\/span><div class=\"wp-block-cover__inner-container has-global-padding is-layout-constrained wp-container-core-cover-is-layout-5cffc2c1 wp-block-cover-is-layout-constrained\">\n<div class=\"wp-block-group alignwide is-vertical is-layout-flex wp-container-core-group-is-layout-c35747d5 wp-block-group-is-layout-flex\">\n<div class=\"wp-block-group has-global-padding is-layout-constrained wp-container-core-group-is-layout-2287c683 wp-block-group-is-layout-constrained\">\n<h1 class=\"wp-block-heading has-text-align-left has-text-color has-link-color wp-elements-e14d62738376d3e2c38165740fe4d277\" style=\"color:#fefefe\">Kaatri rent Pirita sadamast<\/h1>\n\n\n\n<p>Mugav kaatrirent koos kapteniga Tallinnas<\/p>\n\n\n\n<p>Rendi avar ja h\u00e4sti varustatud kaater koos kogenud kapteniga Tallinnas. Meres\u00f5idud, privaatreisid, s\u00fcnnip\u00e4evad, firmapeod ja elamusretked Tallinna lahel v\u00f5i \u00fcmber l\u00e4hisaarte.<br>Paadirent Pirita&nbsp; sadamast \u2013 sobib kuni 7 inimesele.<\/p>\n\n\n\n<p>Telli personaalne merereis Prangli, Naissaare v\u00f5i Aegna saarele.<\/p>\n\n\n\n<p>Kokku v\u00f5ib merel s\u00f5idu ajal kaatri peal olla maksimaalselt 7 inimest koos kapteni ja \u00fche meeskonna liikmega.&nbsp;<\/p>\n\n\n\n<p>Olgu selleks puhkus merel, t\u00fcdrukute \u00f5htu, koolitus v\u00f5i niisama s\u00f5pradega l\u00f5busalt aja veetmise plaan. Meie aitame selle teha meeldej\u00e4\u00e4vaks.<\/p>\n<\/div>\n<\/div>\n<\/div><\/div>\n<\/div>\n\n\n\n<div class=\"wp-block-group alignfull is-style-ext-preset--group--natural-1--section has-tertiary-background-color has-background has-global-padding is-layout-constrained wp-container-core-group-is-layout-843e5a6d wp-block-group-is-layout-constrained is-style-ext-preset--group--natural-1--section--3\" id=\"meist\" style=\"margin-top:0;margin-bottom:0;padding-top:var(--wp--preset--spacing--70);padding-bottom:var(--wp--preset--spacing--70)\">\n<div class=\"wp-block-group alignwide is-vertical is-content-justification-center is-layout-flex wp-container-core-group-is-layout-c9ee0c5a wp-block-group-is-layout-flex\">\n<div class=\"wp-block-group has-global-padding is-layout-constrained wp-container-core-group-is-layout-2287c683 wp-block-group-is-layout-constrained\">\n<h2 class=\"wp-block-heading has-text-align-center\">Tutvu uue luksusliku Askeladden C78-ga<\/h2>\n<\/div>\n<\/div>\n\n\n\n<div class=\"wp-block-group is-nowrap is-layout-flex wp-container-core-group-is-layout-6c531013 wp-block-group-is-layout-flex\"><div id=\"metaslider-id-116\" style=\"width: 100%;\" class=\"ml-slider-3-107-0 metaslider metaslider-flex metaslider-116 ml-slider has-dots-nav ms-theme-default-base\" role=\"region\" aria-label=\"New Slideshow\" data-height=\"300\" data-width=\"700\">\n    <div id=\"metaslider_container_116\">\n        <div id=\"metaslider_116\">\n            <ul aria-live='off' class='slides'>\n                <li style=\"display: block; width: 100%;\" class=\"slide-123 ms-image \" aria-roledescription=\"slide\" data-date=\"2026-01-01 23:41:49\" data-filename=\"1-700x300.webp\" data-slide-type=\"image\"><img loading=\"lazy\" decoding=\"async\" src=\"https:\/\/kaatrirent24.ee\/wp-content\/uploads\/2026\/01\/1-700x300.webp\" height=\"300\" width=\"700\" alt=\"\" class=\"slider-116 slide-123 msDefaultImage\" title=\"1\" \/><\/li>\n                <li style=\"display: none; width: 100%;\" class=\"slide-124 ms-image \" aria-roledescription=\"slide\" data-date=\"2026-01-01 23:41:49\" data-filename=\"3-700x300.webp\" data-slide-type=\"image\"><img loading=\"lazy\" decoding=\"async\" src=\"https:\/\/kaatrirent24.ee\/wp-content\/uploads\/2026\/01\/3-700x300.webp\" height=\"300\" width=\"700\" alt=\"\" class=\"slider-116 slide-124 msDefaultImage\" title=\"3\" \/><\/li>\n                <li style=\"display: none; width: 100%;\" class=\"slide-125 ms-image \" aria-roledescription=\"slide\" data-date=\"2026-01-01 23:41:49\" data-filename=\"4-700x300.webp\" data-slide-type=\"image\"><img loading=\"lazy\" decoding=\"async\" src=\"https:\/\/kaatrirent24.ee\/wp-content\/uploads\/2026\/01\/4-700x300.webp\" height=\"300\" width=\"700\" alt=\"\" class=\"slider-116 slide-125 msDefaultImage\" title=\"4\" \/><\/li>\n                <li style=\"display: none; width: 100%;\" class=\"slide-126 ms-image \" aria-roledescription=\"slide\" data-date=\"2026-01-01 23:41:49\" data-filename=\"5-700x300.jpg\" data-slide-type=\"image\"><img loading=\"lazy\" decoding=\"async\" src=\"https:\/\/kaatrirent24.ee\/wp-content\/uploads\/2026\/01\/5-700x300.jpg\" height=\"300\" width=\"700\" alt=\"\" class=\"slider-116 slide-126 msDefaultImage\" title=\"5\" \/><\/li>\n                <li style=\"display: none; width: 100%;\" class=\"slide-174 ms-image \" aria-roledescription=\"slide\" data-date=\"2026-03-08 15:34:13\" data-filename=\"11-700x300.webp\" data-slide-type=\"image\"><img loading=\"lazy\" decoding=\"async\" src=\"https:\/\/kaatrirent24.ee\/wp-content\/uploads\/2026\/03\/11-700x300.webp\" height=\"300\" width=\"700\" alt=\"\" class=\"slider-116 slide-174 msDefaultImage\" title=\"11\" \/><\/li>\n                <li style=\"display: none; width: 100%;\" class=\"slide-175 ms-image \" aria-roledescription=\"slide\" data-date=\"2026-03-08 15:34:33\" data-filename=\"20-scaled-700x300.jpg\" data-slide-type=\"image\"><img loading=\"lazy\" decoding=\"async\" src=\"https:\/\/kaatrirent24.ee\/wp-content\/uploads\/2026\/03\/20-scaled-700x300.jpg\" height=\"300\" width=\"700\" alt=\"\" class=\"slider-116 slide-175 msDefaultImage\" title=\"20\" \/><\/li>\n                <li style=\"display: none; width: 100%;\" class=\"slide-176 ms-image \" aria-roledescription=\"slide\" data-date=\"2026-03-08 15:34:58\" data-filename=\"Main-Features.00_02_01_24.Still039-700x300.jpg\" data-slide-type=\"image\"><img loading=\"lazy\" decoding=\"async\" src=\"https:\/\/kaatrirent24.ee\/wp-content\/uploads\/2026\/03\/Main-Features.00_02_01_24.Still039-700x300.jpg\" height=\"300\" width=\"700\" alt=\"\" class=\"slider-116 slide-176 msDefaultImage\" title=\"Main-Features.00_02_01_24.Still039\" \/><\/li>\n                <li style=\"display: none; width: 100%;\" class=\"slide-177 ms-image \" aria-roledescription=\"slide\" data-date=\"2026-03-08 15:35:06\" data-filename=\"Main-Features.00_02_07_00.Still041-700x300.jpg\" data-slide-type=\"image\"><img loading=\"lazy\" decoding=\"async\" src=\"https:\/\/kaatrirent24.ee\/wp-content\/uploads\/2026\/03\/Main-Features.00_02_07_00.Still041-700x300.jpg\" height=\"300\" width=\"700\" alt=\"\" class=\"slider-116 slide-177 msDefaultImage\" title=\"Main-Features.00_02_07_00.Still041\" \/><\/li>\n                <li style=\"display: none; width: 100%;\" class=\"slide-178 ms-image \" aria-roledescription=\"slide\" data-date=\"2026-03-08 15:35:16\" data-filename=\"25-scaled-700x300.jpg\" data-slide-type=\"image\"><img loading=\"lazy\" decoding=\"async\" src=\"https:\/\/kaatrirent24.ee\/wp-content\/uploads\/2026\/03\/25-scaled-700x300.jpg\" height=\"300\" width=\"700\" alt=\"\" class=\"slider-116 slide-178 msDefaultImage\" title=\"25\" \/><\/li>\n                <li style=\"display: none; width: 100%;\" class=\"slide-181 ms-image \" aria-roledescription=\"slide\" data-date=\"2026-03-08 15:39:29\" data-filename=\"Main-Features.00_00_55_15.Still020-700x300.jpg\" data-slide-type=\"image\"><img loading=\"lazy\" decoding=\"async\" src=\"https:\/\/kaatrirent24.ee\/wp-content\/uploads\/2026\/03\/Main-Features.00_00_55_15.Still020-700x300.jpg\" height=\"300\" width=\"700\" alt=\"\" class=\"slider-116 slide-181 msDefaultImage\" title=\"Main-Features.00_00_55_15.Still020\" \/><\/li>\n                <li style=\"display: none; width: 100%;\" class=\"slide-191 ms-image \" aria-roledescription=\"slide\" data-date=\"2026-03-08 16:28:57\" data-filename=\"1-700x300.webp\" data-slide-type=\"image\"><img loading=\"lazy\" decoding=\"async\" src=\"https:\/\/kaatrirent24.ee\/wp-content\/uploads\/2026\/03\/1-700x300.webp\" height=\"300\" width=\"700\" alt=\"\" class=\"slider-116 slide-191 msDefaultImage\" title=\"1\" \/><\/li>\n                <li style=\"display: none; width: 100%;\" class=\"slide-194 ms-image \" aria-roledescription=\"slide\" data-date=\"2026-03-08 16:30:54\" data-filename=\"image9-700x300.jpeg\" data-slide-type=\"image\"><img loading=\"lazy\" decoding=\"async\" src=\"https:\/\/kaatrirent24.ee\/wp-content\/uploads\/2026\/03\/image9-700x300.jpeg\" height=\"300\" width=\"700\" alt=\"\" class=\"slider-116 slide-194 msDefaultImage\" title=\"image9\" \/><\/li>\n                <li style=\"display: none; width: 100%;\" class=\"slide-195 ms-image \" aria-roledescription=\"slide\" data-date=\"2026-03-08 16:30:54\" data-filename=\"image10-700x300.jpeg\" data-slide-type=\"image\"><img loading=\"lazy\" decoding=\"async\" src=\"https:\/\/kaatrirent24.ee\/wp-content\/uploads\/2026\/03\/image10-700x300.jpeg\" height=\"300\" width=\"700\" alt=\"\" class=\"slider-116 slide-195 msDefaultImage\" title=\"image10\" \/><\/li>\n            <\/ul>\n        <\/div>\n        \n    <\/div>\n<\/div>\n<\/div>\n<\/div>\n\n\n\n<div class=\"wp-block-group alignfull is-style-ext-preset--group--natural-1--section has-tertiary-background-color has-background has-global-padding is-layout-constrained wp-container-core-group-is-layout-e955bbaf wp-block-group-is-layout-constrained is-style-ext-preset--group--natural-1--section--4\" id=\"teenused\" style=\"margin-top:0;margin-bottom:0;padding-top:var(--wp--preset--spacing--70);padding-bottom:var(--wp--preset--spacing--70)\">\n<div class=\"wp-block-group alignwide is-vertical is-content-justification-center is-layout-flex wp-container-core-group-is-layout-c9ee0c5a wp-block-group-is-layout-flex\">\n<div class=\"wp-block-group has-global-padding is-layout-constrained wp-container-core-group-is-layout-5e05634a wp-block-group-is-layout-constrained\">\n<h2 class=\"wp-block-heading has-text-align-center\">Teenused<\/h2>\n\n\n\n<p class=\"has-text-align-center\">Tutvu meie paadirendi v\u00f5imalustega<\/p>\n<\/div>\n<\/div>\n\n\n\n<div class=\"wp-block-columns alignwide is-layout-flex wp-container-core-columns-is-layout-08c01c1c wp-block-columns-is-layout-flex\">\n<div class=\"wp-block-column is-vertically-aligned-stretch is-layout-flow wp-container-core-column-is-layout-f5bb311e wp-block-column-is-layout-flow\">\n<div class=\"wp-block-group is-style-ext-preset--group--natural-1--item-card-1--align-center has-global-padding is-layout-constrained wp-block-group-is-layout-constrained is-style-ext-preset--group--natural-1--item-card-1--align-center--5\">\n<div class=\"wp-block-group is-style-default has-global-padding is-layout-constrained wp-block-group-is-layout-constrained\">\n<figure class=\"wp-block-image aligncenter size-full is-resized ext-aspect-landscape wp-duotone-foreground-and-background\"><img loading=\"lazy\" decoding=\"async\" width=\"500\" height=\"500\" src=\"https:\/\/kaatrirent24.ee\/wp-content\/uploads\/2026\/01\/image-removebg-preview.png\" alt=\"\" class=\"wp-image-87\" style=\"object-fit:cover;width:37px;height:auto\" srcset=\"https:\/\/kaatrirent24.ee\/wp-content\/uploads\/2026\/01\/image-removebg-preview.png 500w, https:\/\/kaatrirent24.ee\/wp-content\/uploads\/2026\/01\/image-removebg-preview-300x300.png 300w, https:\/\/kaatrirent24.ee\/wp-content\/uploads\/2026\/01\/image-removebg-preview-150x150.png 150w, https:\/\/kaatrirent24.ee\/wp-content\/uploads\/2026\/01\/image-removebg-preview-12x12.png 12w\" sizes=\"auto, (max-width: 500px) 100vw, 500px\" \/><\/figure>\n\n\n\n<h3 class=\"wp-block-heading has-text-align-center\">Paadirent koos kapteniga<\/h3>\n\n\n\n<p class=\"has-text-align-center\">Paadirent koos kogenud kapteniga pakub muretut ja turvalist meres\u00f5itu, kus saad nautida mugavat ajaveetmist ilma ise juhtimisele m\u00f5tlemata.<\/p>\n<\/div>\n<\/div>\n<\/div>\n\n\n\n<div class=\"wp-block-column is-vertically-aligned-stretch is-layout-flow wp-container-core-column-is-layout-f5bb311e wp-block-column-is-layout-flow\">\n<div class=\"wp-block-group is-style-ext-preset--group--natural-1--item-card-1--align-center has-global-padding is-layout-constrained wp-block-group-is-layout-constrained is-style-ext-preset--group--natural-1--item-card-1--align-center--6\">\n<div class=\"wp-block-group is-style-default has-global-padding is-layout-constrained wp-block-group-is-layout-constrained\">\n<figure class=\"wp-block-image aligncenter size-full is-resized ext-aspect-landscape wp-duotone-foreground-and-background\"><img loading=\"lazy\" decoding=\"async\" width=\"483\" height=\"517\" src=\"https:\/\/kaatrirent24.ee\/wp-content\/uploads\/2026\/01\/ship-cruise-sign-icon-in-transparent-style-cargo-boat-vector-illustration-on-isolated-background-vessel-business-concept-T9DMJ5-removebg-preview.png\" alt=\"\" class=\"wp-image-89\" style=\"aspect-ratio:0.9343065693430657;object-fit:cover;width:60px;height:auto\" srcset=\"https:\/\/kaatrirent24.ee\/wp-content\/uploads\/2026\/01\/ship-cruise-sign-icon-in-transparent-style-cargo-boat-vector-illustration-on-isolated-background-vessel-business-concept-T9DMJ5-removebg-preview.png 483w, https:\/\/kaatrirent24.ee\/wp-content\/uploads\/2026\/01\/ship-cruise-sign-icon-in-transparent-style-cargo-boat-vector-illustration-on-isolated-background-vessel-business-concept-T9DMJ5-removebg-preview-280x300.png 280w, https:\/\/kaatrirent24.ee\/wp-content\/uploads\/2026\/01\/ship-cruise-sign-icon-in-transparent-style-cargo-boat-vector-illustration-on-isolated-background-vessel-business-concept-T9DMJ5-removebg-preview-11x12.png 11w\" sizes=\"auto, (max-width: 483px) 100vw, 483px\" \/><\/figure>\n\n\n\n<h3 class=\"wp-block-heading has-text-align-center\">Paadirent ilma kaptenita<\/h3>\n\n\n\n<p class=\"has-text-align-center\">Paadirent ilma kaptenita annab vabaduse avastada merd omas tempos. Ideaalne lahendus kogenud paadis\u00f5itjale kellel on olemas v\u00e4ikelaevajuhi load<\/p>\n<\/div>\n<\/div>\n<\/div>\n<\/div>\n<\/div>\n\n\n\n<div class=\"wp-block-group alignfull is-style-ext-preset--group--natural-1--section has-tertiary-background-color has-background has-global-padding is-layout-constrained wp-block-group-is-layout-constrained is-style-ext-preset--group--natural-1--section--7\" id=\"kontakt\" style=\"margin-top:0;margin-bottom:0;padding-top:var(--wp--preset--spacing--70);padding-bottom:var(--wp--preset--spacing--70)\">\n<div class=\"wp-block-media-text alignwide is-stacked-on-mobile is-image-fill-element is-style-ext-preset--media-text--natural-1--card-1 has-background-background-color has-background is-style-ext-preset--media-text--natural-1--card-1--8\" style=\"grid-template-columns:48% auto\"><figure class=\"wp-block-media-text__media\"><img loading=\"lazy\" decoding=\"async\" width=\"1024\" height=\"682\" src=\"https:\/\/kaatrirent24.ee\/wp-content\/uploads\/2026\/03\/1-1024x682.webp\" alt=\"\" class=\"wp-image-160 size-full\" style=\"object-position:50% 50%\" srcset=\"https:\/\/kaatrirent24.ee\/wp-content\/uploads\/2026\/03\/1-1024x682.webp 1024w, https:\/\/kaatrirent24.ee\/wp-content\/uploads\/2026\/03\/1-300x200.webp 300w, https:\/\/kaatrirent24.ee\/wp-content\/uploads\/2026\/03\/1-768x512.webp 768w, https:\/\/kaatrirent24.ee\/wp-content\/uploads\/2026\/03\/1-18x12.webp 18w, https:\/\/kaatrirent24.ee\/wp-content\/uploads\/2026\/03\/1.webp 1280w\" sizes=\"auto, (max-width: 1024px) 100vw, 1024px\" \/><\/figure><div class=\"wp-block-media-text__content\">\n<p class=\"has-text-align-center\">               V\u00f5ta meiega \u00fchendust<\/p>\n\n\n\n<div class=\"wp-block-group alignwide has-global-padding is-layout-constrained wp-container-core-group-is-layout-48493932 wp-block-group-is-layout-constrained\" style=\"padding-top:var(--wp--preset--spacing--55);padding-right:var(--wp--preset--spacing--55);padding-bottom:var(--wp--preset--spacing--55);padding-left:var(--wp--preset--spacing--55)\"><div class=\"wpforms-container wpforms-block wpforms-block-406c62bf-d413-4f54-9e34-6ea96a36e1dd wpforms-render-modern\" id=\"wpforms-24\"><form id=\"wpforms-form-24\" class=\"wpforms-validate wpforms-form wpforms-ajax-form\" data-formid=\"24\" method=\"post\" enctype=\"multipart\/form-data\" action=\"\/en\/wp-json\/wp\/v2\/pages\/30\" data-token=\"15c4143c42cc0cf8adb1a47f4bee0cbd\" data-token-time=\"1776076423\"><noscript class=\"wpforms-error-noscript\">Please enable JavaScript in your browser to complete this form.<\/noscript><div id=\"wpforms-error-noscript\" style=\"display: none;\">Please enable JavaScript in your browser to complete this form.<\/div><div class=\"wpforms-field-container\">\t\t<div id=\"wpforms-24-field_5-container\"\n\t\t\tclass=\"wpforms-field wpforms-field-text\"\n\t\t\tdata-field-type=\"text\"\n\t\t\tdata-field-id=\"5\"\n\t\t\t>\n\t\t\t<label class=\"wpforms-field-label\" for=\"wpforms-24-field_5\" >E-post S\u00f5num Teema<\/label>\n\t\t\t<input type=\"text\" id=\"wpforms-24-field_5\" class=\"wpforms-field-medium\" name=\"wpforms[fields][5]\" >\n\t\t<\/div>\n\t\t<div id=\"wpforms-24-field_1-container\" class=\"wpforms-field wpforms-field-name\" data-field-id=\"1\"><label class=\"wpforms-field-label\" for=\"wpforms-24-field_1\">Nimi <span class=\"wpforms-required-label\" aria-hidden=\"true\">*<\/span><\/label><input type=\"text\" id=\"wpforms-24-field_1\" class=\"wpforms-field-large wpforms-field-required\" name=\"wpforms[fields][1]\" aria-errormessage=\"wpforms-24-field_1-error\" required><\/div><div id=\"wpforms-24-field_2-container\" class=\"wpforms-field wpforms-field-email\" data-field-id=\"2\"><label class=\"wpforms-field-label\" for=\"wpforms-24-field_2\">E-post <span class=\"wpforms-required-label\" aria-hidden=\"true\">*<\/span><\/label><input type=\"email\" id=\"wpforms-24-field_2\" class=\"wpforms-field-large wpforms-field-required\" name=\"wpforms[fields][2]\" spellcheck=\"false\" aria-errormessage=\"wpforms-24-field_2-error\" required><\/div><div id=\"wpforms-24-field_3-container\" class=\"wpforms-field wpforms-field-text\" data-field-id=\"3\"><label class=\"wpforms-field-label\" for=\"wpforms-24-field_3\">Teema<\/label><input type=\"text\" id=\"wpforms-24-field_3\" class=\"wpforms-field-large\" name=\"wpforms[fields][3]\" aria-errormessage=\"wpforms-24-field_3-error\" ><\/div><div id=\"wpforms-24-field_4-container\" class=\"wpforms-field wpforms-field-textarea\" data-field-id=\"4\"><label class=\"wpforms-field-label\" for=\"wpforms-24-field_4\">S\u00f5num <span class=\"wpforms-required-label\" aria-hidden=\"true\">*<\/span><\/label><textarea id=\"wpforms-24-field_4\" class=\"wpforms-field-large wpforms-field-required\" name=\"wpforms[fields][4]\" aria-errormessage=\"wpforms-24-field_4-error\" required><\/textarea><\/div><script>\n\t\t\t\t( function() {\n\t\t\t\t\tconst style = document.createElement( 'style' );\n\t\t\t\t\tstyle.appendChild( document.createTextNode( '#wpforms-24-field_5-container { position: absolute !important; overflow: hidden !important; display: inline !important; height: 1px !important; width: 1px !important; z-index: -1000 !important; padding: 0 !important; } #wpforms-24-field_5-container input { visibility: hidden; } #wpforms-conversational-form-page #wpforms-24-field_5-container label { counter-increment: none; }' ) );\n\t\t\t\t\tdocument.head.appendChild( style );\n\t\t\t\t\tdocument.currentScript?.remove();\n\t\t\t\t} )();\n\t\t\t<\/script><\/div><!-- .wpforms-field-container --><div class=\"wpforms-submit-container\" ><input type=\"hidden\" name=\"wpforms[id]\" value=\"24\"><input type=\"hidden\" name=\"page_title\" value=\"\"><input type=\"hidden\" name=\"page_url\" value=\"https:\/\/kaatrirent24.ee\/en\/wp-json\/wp\/v2\/pages\/30\"><input type=\"hidden\" name=\"url_referer\" value=\"\"><button type=\"submit\" name=\"wpforms[submit]\" id=\"wpforms-submit-24\" class=\"wpforms-submit\" data-alt-text=\"Sending...\" data-submit-text=\"Submit\" aria-live=\"assertive\" value=\"wpforms-submit\">Submit<\/button><img loading=\"lazy\" decoding=\"async\" src=\"https:\/\/kaatrirent24.ee\/wp-content\/plugins\/wpforms-lite\/assets\/images\/submit-spin.svg\" class=\"wpforms-submit-spinner\" style=\"display: none;\" width=\"26\" height=\"26\" alt=\"Loading\"><\/div><\/form><\/div>  <!-- .wpforms-container --><\/div>\n<\/div><\/div>\n<\/div>\n","protected":false},"excerpt":{"rendered":"<p>Tutvu uue luksusliku Askeladden C78-ga Teenused Tutvu meie paadirendi v\u00f5imalustega Paadirent koos kapteniga Paadirent koos kogenud kapteniga pakub muretut ja turvalist meres\u00f5itu, kus saad nautida mugavat ajaveetmist ilma ise juhtimisele m\u00f5tlemata. Paadirent ilma kaptenita Paadirent ilma kaptenita annab vabaduse avastada merd omas tempos. Ideaalne lahendus kogenud paadis\u00f5itjale kellel on olemas v\u00e4ikelaevajuhi load V\u00f5ta meiega \u00fchendust<\/p>","protected":false},"author":1,"featured_media":0,"parent":0,"menu_order":0,"comment_status":"closed","ping_status":"closed","template":"no-title","meta":{"_monsterinsights_skip_tracking":false,"_monsterinsights_sitenote_active":false,"_monsterinsights_sitenote_note":"","_monsterinsights_sitenote_category":0,"footnotes":""},"class_list":["post-30","page","type-page","status-publish","hentry"],"aioseo_notices":[],"_links":{"self":[{"href":"https:\/\/kaatrirent24.ee\/en\/wp-json\/wp\/v2\/pages\/30","targetHints":{"allow":["GET"]}}],"collection":[{"href":"https:\/\/kaatrirent24.ee\/en\/wp-json\/wp\/v2\/pages"}],"about":[{"href":"https:\/\/kaatrirent24.ee\/en\/wp-json\/wp\/v2\/types\/page"}],"author":[{"embeddable":true,"href":"https:\/\/kaatrirent24.ee\/en\/wp-json\/wp\/v2\/users\/1"}],"replies":[{"embeddable":true,"href":"https:\/\/kaatrirent24.ee\/en\/wp-json\/wp\/v2\/comments?post=30"}],"version-history":[{"count":21,"href":"https:\/\/kaatrirent24.ee\/en\/wp-json\/wp\/v2\/pages\/30\/revisions"}],"predecessor-version":[{"id":180,"href":"https:\/\/kaatrirent24.ee\/en\/wp-json\/wp\/v2\/pages\/30\/revisions\/180"}],"wp:attachment":[{"href":"https:\/\/kaatrirent24.ee\/en\/wp-json\/wp\/v2\/media?parent=30"}],"curies":[{"name":"wp","href":"https:\/\/api.w.org\/{rel}","templated":true}]}}